{"id":11735,"date":"2025-12-03T09:10:43","date_gmt":"2025-12-03T08:10:43","guid":{"rendered":"https:\/\/www.idisglobal.solutions\/?post_type=product&#038;p=11735"},"modified":"2025-12-08T20:38:16","modified_gmt":"2025-12-08T19:38:16","slug":"dc-2d1511wr","status":"publish","type":"product","link":"https:\/\/www.idisglobal.solutions\/en\/product\/dc-2d1511wr\/","title":{"rendered":"DC-2D1511WR"},"content":{"rendered":"<p><div class=\"fusion-fullwidth fullwidth-box fusion-builder-row-2 hundred-percent-fullwidth non-hundred-percent-height-scrolling\" style=\"--awb-border-radius-top-left:0px;--awb-border-radius-top-right:0px;--awb-border-radius-bottom-right:0px;--awb-border-radius-bottom-left:0px;--awb-overflow:visible;--awb-flex-wrap:wrap;\" ><div class=\"fusion-builder-row fusion-row\"><div class=\"fusion-layout-column fusion_builder_column fusion-builder-column-1 fusion_builder_column_1_1 1_1 fusion-one-full fusion-column-first fusion-column-last fusion-column-no-min-height\" style=\"--awb-bg-size:cover;--awb-margin-bottom:0px;\"><div class=\"fusion-column-wrapper fusion-flex-column-wrapper-legacy\">\n<div style=\"width: 740px; height: 350px; overflow: auto;\">\n<table class=\"table pd_common_table\" style=\"width: 740px;\">\n<tbody>\n<tr>\n<td class=\"brr0\" colspan=\"2\" bgcolor=\"#eeeeee\"><strong>Video<\/strong><\/td>\n<\/tr>\n<tr>\n<td scope=\"row\">Image Sensor<\/td>\n<td class=\"brr0\">Dual 1\/2.8&#8243; CMOS<\/td>\n<\/tr>\n<tr>\n<td scope=\"row\">Max. Resolution<\/td>\n<td class=\"brr0\">8MP (4224 x 1848)<\/td>\n<\/tr>\n<tr>\n<td scope=\"row\">Scanning Mode<\/td>\n<td class=\"brr0\">Progressive Scan<\/td>\n<\/tr>\n<tr>\n<td scope=\"row\">Lens type<\/td>\n<td class=\"brr0\">Fixed-focal, Dual lens<\/td>\n<\/tr>\n<tr>\n<td scope=\"row\">Focal Length<\/td>\n<td class=\"brr0\">f=2.4mm<\/td>\n<\/tr>\n<tr>\n<td scope=\"row\">Aperture<\/td>\n<td class=\"brr0\">F1.6<\/td>\n<\/tr>\n<tr>\n<td scope=\"row\">Iris Control<\/td>\n<td class=\"brr0\">Fixed Iris<\/td>\n<\/tr>\n<tr>\n<td scope=\"row\">Angular Field of View<\/td>\n<td class=\"brr0\">192.4\u02da(H), 80.2\u02da(V)<\/td>\n<\/tr>\n<tr>\n<td scope=\"row\">Pan\/Tilt Range<\/td>\n<td class=\"brr0\">Pan: 0\u02da to 360\u02da, Tilt: 0\u02da to 90\u02da, Rotation: 0\u02da to 360\u02da<\/td>\n<\/tr>\n<tr>\n<td scope=\"row\">Min. Illumination<\/td>\n<td class=\"brr0\">COLOR : 0.01 lux @ F1.6 (AGC on)<br \/>\nB\/W : 0 lux (IR LED on)<\/td>\n<\/tr>\n<tr>\n<td scope=\"row\">Dynamic Range<\/td>\n<td class=\"brr0\">True WDR<\/td>\n<\/tr>\n<tr>\n<td scope=\"row\">Electronic Shutter Speed<\/td>\n<td class=\"brr0\">Auto\/Manual, 1\/5 to 1\/100,000s<\/td>\n<\/tr>\n<tr>\n<td scope=\"row\">Day &amp; Night<\/td>\n<td class=\"brr0\">IR cut filter<\/td>\n<\/tr>\n<tr>\n<td scope=\"row\">IR Distance (LEDs)<\/td>\n<td class=\"brr0\">30m<\/td>\n<\/tr>\n<tr>\n<td scope=\"row\">Warm Light Distance (LEDs)<\/td>\n<td class=\"brr0\">20m<\/td>\n<\/tr>\n<tr>\n<td scope=\"row\">Image Setting<\/td>\n<td class=\"brr0\">Brightness, Sharpness, Contrast, Saturation adjustable<\/td>\n<\/tr>\n<tr>\n<td scope=\"row\">Backlight Compensation<\/td>\n<td class=\"brr0\">HLC, BLC<\/td>\n<\/tr>\n<tr>\n<td scope=\"row\">Image Stabilizer<\/td>\n<td class=\"brr0\">&#8211;<\/td>\n<\/tr>\n<tr>\n<td scope=\"row\">De-fog<\/td>\n<td class=\"brr0\">Yes<\/td>\n<\/tr>\n<tr>\n<td scope=\"row\">Privacy Masking<\/td>\n<td class=\"brr0\">4 areas<\/td>\n<\/tr>\n<tr>\n<td scope=\"row\">Intelligent Video<\/td>\n<td class=\"brr0\">Intrusion, Smart motion detection, Single line crossing, Double line crossing, Loitering, Wrong-way detection, Illegal parking<\/td>\n<\/tr>\n<tr>\n<td scope=\"row\">Video Out<\/td>\n<td class=\"brr0\">&#8211;<\/td>\n<\/tr>\n<tr>\n<td class=\"brr0\" colspan=\"2\" bgcolor=\"#eeeeee\"><strong>Network<\/strong><\/td>\n<\/tr>\n<tr>\n<td scope=\"row\">Video Compression<\/td>\n<td class=\"brr0\">H.265<\/td>\n<\/tr>\n<tr>\n<td scope=\"row\">Intelligent Codec<\/td>\n<td class=\"brr0\">&#8211;<\/td>\n<\/tr>\n<tr>\n<td scope=\"row\">Bitrate Control<\/td>\n<td class=\"brr0\">CBR \/ VBR<\/td>\n<\/tr>\n<tr>\n<td scope=\"row\">Audio Compression<\/td>\n<td class=\"brr0\">G.711 A-law, G.711 \u03bc-law, RAM PCM<\/td>\n<\/tr>\n<tr>\n<td scope=\"row\">Two-way Audio<\/td>\n<td class=\"brr0\">Yes<\/td>\n<\/tr>\n<tr>\n<td scope=\"row\">IP Camera Protocol<\/td>\n<td class=\"brr0\">ONVIF (Profile S\/T\/G\/M)<\/td>\n<\/tr>\n<tr>\n<td scope=\"row\">Max. Frame Rate<\/td>\n<td class=\"brr0\">30ips : 2592 x 1944<\/td>\n<\/tr>\n<tr>\n<td scope=\"row\">Supports Resolution<\/td>\n<td class=\"brr0\">2592\u00d71944, 2592\u00d71520, 1920\u00d71080, 1280\u00d7720<\/td>\n<\/tr>\n<tr>\n<td scope=\"row\">Multi-Video Streaming<\/td>\n<td class=\"brr0\">Triple streaming<\/td>\n<\/tr>\n<tr>\n<td scope=\"row\">Ethernet<\/td>\n<td class=\"brr0\">RJ45(100\/1000BASE-T)<\/td>\n<\/tr>\n<tr>\n<td scope=\"row\">Edge Storage (optional)<\/td>\n<td class=\"brr0\">Micro SD\/SDHC\/SDXC (max. 1TB)<\/td>\n<\/tr>\n<tr>\n<td class=\"brr0\" colspan=\"2\" bgcolor=\"#eeeeee\"><strong>Alarm &amp; Event<\/strong><\/td>\n<\/tr>\n<tr>\n<td scope=\"row\">Audio In \/ Out<\/td>\n<td class=\"brr0\">Internal MIC + 1 \/ 1<\/td>\n<\/tr>\n<tr>\n<td scope=\"row\">Alarm In \/ Out<\/td>\n<td class=\"brr0\">1 \/ 1<\/td>\n<\/tr>\n<tr>\n<td class=\"brr0\" colspan=\"2\" bgcolor=\"#eeeeee\"><strong>Environmental<\/strong><\/td>\n<\/tr>\n<tr>\n<td scope=\"row\">Vandal Resistance<\/td>\n<td class=\"brr0\">&#8211;<\/td>\n<\/tr>\n<tr>\n<td scope=\"row\">Outdoor Ready<\/td>\n<td class=\"brr0\">IP66<\/td>\n<\/tr>\n<tr>\n<td scope=\"row\">Operating Temperature<\/td>\n<td class=\"brr0\">-40\u00b0C ~ 60\u00b0C ( -40\u00b0F ~ 140\u00b0F)<\/td>\n<\/tr>\n<tr>\n<td scope=\"row\">Operating Humidity<\/td>\n<td class=\"brr0\">0% ~ 90%<\/td>\n<\/tr>\n<tr>\n<td class=\"brr0\" colspan=\"2\" bgcolor=\"#eeeeee\"><strong>Electrical<\/strong><\/td>\n<\/tr>\n<tr>\n<td scope=\"row\">Power Source<\/td>\n<td class=\"brr0\">DC 12V, PoE(IEEE 802.3af)<\/td>\n<\/tr>\n<tr>\n<td scope=\"row\">Power Consumption<\/td>\n<td class=\"brr0\">IR OFF : 12VDC: 4.2 W \/ PoE: 5.3 W<br \/>\nIR ON : 12VDC: 8.9 W \/ PoE: 11.2 W<\/td>\n<\/tr>\n<tr>\n<td scope=\"row\">Approval<\/td>\n<td class=\"brr0\">FCC, CE-EMC<\/td>\n<\/tr>\n<tr>\n<td class=\"brr0\" colspan=\"2\" bgcolor=\"#eeeeee\"><strong>Mechanical<\/strong><\/td>\n<\/tr>\n<tr>\n<td scope=\"row\">Dimensions (\u00d8 x H)<\/td>\n<td class=\"brr0\">\u00d8140mm x 119.2mm<\/td>\n<\/tr>\n<tr>\n<td scope=\"row\">Weight<\/td>\n<td class=\"brr0\">0.93 kg<\/td>\n<\/tr>\n<\/tbody>\n<\/table>\n<\/div>\n<div class=\"fusion-clearfix\"><\/div><\/div><\/div><\/div><\/div><\/p>","protected":false},"excerpt":{"rendered":"<p><img decoding=\"async\" class=\"alignnone wp-image-10080\" src=\"https:\/\/www.idisglobal.solutions\/wp-content\/uploads\/2024\/04\/8MP.png\" alt=\"8MP\" width=\"55\" height=\"55\" srcset=\"https:\/\/i0.wp.com\/www.idisglobal.solutions\/wp-content\/uploads\/2024\/04\/8MP.png?resize=66%2C66&amp;ssl=1 66w, https:\/\/i0.wp.com\/www.idisglobal.solutions\/wp-content\/uploads\/2024\/04\/8MP.png?resize=100%2C100&amp;ssl=1 100w, https:\/\/i0.wp.com\/www.idisglobal.solutions\/wp-content\/uploads\/2024\/04\/8MP.png?w=110&amp;ssl=1 110w\" sizes=\"(max-width: 55px) 100vw, 55px\" \/> <img decoding=\"async\" class=\"alignnone wp-image-10086\" src=\"https:\/\/www.idisglobal.solutions\/wp-content\/uploads\/2024\/04\/Fixed-Lens.png\" alt=\"Fixed Lens\" width=\"55\" height=\"55\" srcset=\"https:\/\/i0.wp.com\/www.idisglobal.solutions\/wp-content\/uploads\/2024\/04\/Fixed-Lens.png?resize=66%2C66&amp;ssl=1 66w, https:\/\/i0.wp.com\/www.idisglobal.solutions\/wp-content\/uploads\/2024\/04\/Fixed-Lens.png?resize=100%2C100&amp;ssl=1 100w, https:\/\/i0.wp.com\/www.idisglobal.solutions\/wp-content\/uploads\/2024\/04\/Fixed-Lens.png?w=110&amp;ssl=1 110w\" sizes=\"(max-width: 55px) 100vw, 55px\" \/> <img decoding=\"async\" class=\"alignnone wp-image-10090\" src=\"https:\/\/www.idisglobal.solutions\/wp-content\/uploads\/2024\/04\/IR-Led.png\" alt=\"IR Led\" width=\"55\" height=\"55\" srcset=\"https:\/\/i0.wp.com\/www.idisglobal.solutions\/wp-content\/uploads\/2024\/04\/IR-Led.png?resize=66%2C66&amp;ssl=1 66w, https:\/\/i0.wp.com\/www.idisglobal.solutions\/wp-content\/uploads\/2024\/04\/IR-Led.png?resize=100%2C100&amp;ssl=1 100w, https:\/\/i0.wp.com\/www.idisglobal.solutions\/wp-content\/uploads\/2024\/04\/IR-Led.png?w=110&amp;ssl=1 110w\" sizes=\"(max-width: 55px) 100vw, 55px\" \/> <img decoding=\"async\" class=\"alignnone wp-image-10098\" src=\"https:\/\/www.idisglobal.solutions\/wp-content\/uploads\/2024\/04\/Two-way-audio.png\" alt=\"Two-way audio\" width=\"55\" height=\"55\" srcset=\"https:\/\/i0.wp.com\/www.idisglobal.solutions\/wp-content\/uploads\/2024\/04\/Two-way-audio.png?resize=66%2C66&amp;ssl=1 66w, https:\/\/i0.wp.com\/www.idisglobal.solutions\/wp-content\/uploads\/2024\/04\/Two-way-audio.png?resize=100%2C100&amp;ssl=1 100w, https:\/\/i0.wp.com\/www.idisglobal.solutions\/wp-content\/uploads\/2024\/04\/Two-way-audio.png?w=110&amp;ssl=1 110w\" sizes=\"(max-width: 55px) 100vw, 55px\" \/> <img decoding=\"async\" class=\"alignnone size-full wp-image-9341\" src=\"https:\/\/www.idisglobal.solutions\/wp-content\/uploads\/2023\/01\/De-fog-e1673862298720.png\" alt=\"De-fog\" width=\"55\" height=\"55\" \/> <img decoding=\"async\" class=\"alignnone wp-image-10088\" src=\"https:\/\/www.idisglobal.solutions\/wp-content\/uploads\/2024\/04\/IP66.png\" alt=\"IP66\" width=\"55\" height=\"55\" srcset=\"https:\/\/i0.wp.com\/www.idisglobal.solutions\/wp-content\/uploads\/2024\/04\/IP66.png?resize=66%2C66&amp;ssl=1 66w, https:\/\/i0.wp.com\/www.idisglobal.solutions\/wp-content\/uploads\/2024\/04\/IP66.png?resize=100%2C100&amp;ssl=1 100w, https:\/\/i0.wp.com\/www.idisglobal.solutions\/wp-content\/uploads\/2024\/04\/IP66.png?w=110&amp;ssl=1 110w\" sizes=\"(max-width: 55px) 100vw, 55px\" \/> <img decoding=\"async\" class=\"alignnone wp-image-10095\" src=\"https:\/\/www.idisglobal.solutions\/wp-content\/uploads\/2024\/04\/Onvif.png\" alt=\"Onvif\" width=\"55\" height=\"55\" srcset=\"https:\/\/i0.wp.com\/www.idisglobal.solutions\/wp-content\/uploads\/2024\/04\/Onvif.png?resize=66%2C66&amp;ssl=1 66w, https:\/\/i0.wp.com\/www.idisglobal.solutions\/wp-content\/uploads\/2024\/04\/Onvif.png?resize=100%2C100&amp;ssl=1 100w, https:\/\/i0.wp.com\/www.idisglobal.solutions\/wp-content\/uploads\/2024\/04\/Onvif.png?w=110&amp;ssl=1 110w\" sizes=\"(max-width: 55px) 100vw, 55px\" \/>\u00a0<img decoding=\"async\" class=\"alignnone wp-image-10094\" src=\"https:\/\/www.idisglobal.solutions\/wp-content\/uploads\/2024\/04\/NDAA.jpg\" alt=\"NDAA\" width=\"55\" height=\"55\" srcset=\"https:\/\/i0.wp.com\/www.idisglobal.solutions\/wp-content\/uploads\/2024\/04\/NDAA.jpg?resize=66%2C66&amp;ssl=1 66w, https:\/\/i0.wp.com\/www.idisglobal.solutions\/wp-content\/uploads\/2024\/04\/NDAA.jpg?resize=100%2C100&amp;ssl=1 100w, https:\/\/i0.wp.com\/www.idisglobal.solutions\/wp-content\/uploads\/2024\/04\/NDAA.jpg?w=110&amp;ssl=1 110w\" sizes=\"(max-width: 55px) 100vw, 55px\" \/><\/p>\n<p><strong>2x 5MP EcoPLUS-Line Dual-sensor Panoramic Camera<br \/>\n<\/strong><\/p>\n<div>\n<p>\u2022 Two 5MP 1\/2.8&#8243; STARVIS CMOS sensor<br \/>\n\u2022 Outputs max. 8MP (4224 x 1848) resolution<br \/>\n\u2022 Dual Fixed-focal lens (f=2.4mm)<br \/>\n\u2022 Micro SD\/SDHC\/SDXC<br \/>\n\u2022 IP66<br \/>\n\u2022 PoE (IEEE 802.3af), 12V DC<br \/>\n\u2022 Day&amp;Night (ICR)<br \/>\n\u2022 True Wide Dynamic Range (WDR)<br \/>\n\u2022 IR LED (Distance: 30m)<br \/>\n\u2022 Supports ONVIF, no DirectIP<br \/>\n\u2022 <a href=\"https:\/\/www.idisglobal.solutions\/idis-en-ndaa-compliant\/\" target=\"_blank\" rel=\"noopener\">NDAA Compliant<\/a><\/p>\n<\/div>\n","protected":false},"featured_media":11738,"template":"","meta":[],"product_brand":[],"product_cat":[1286],"product_tag":[],"class_list":{"0":"post-11735","1":"product","2":"type-product","3":"status-publish","4":"has-post-thumbnail","6":"product_cat-multi-sensor-camera","7":"pa_aperture-f1-6","8":"pa_blc-wdr-blc","9":"pa_blc-wdr-hlc","10":"pa_blc-wdr-true-wdr","11":"pa_dag-nacht-ir-cut-filter-met-automatische-schakelaar","12":"pa_focal-lengte-f2-4mm","13":"pa_ir-afstand-30m","14":"pa_lens-type-fixed-focal","15":"pa_maximale-resolutie-4224-x-1848-8mp","16":"pa_montage-plafond","17":"pa_outdoor-ip66","19":"first","20":"instock","21":"shipping-taxable","22":"product-type-simple"},"yoast_head":"<!-- This site is optimized with the Yoast SEO plugin v27.3 - https:\/\/yoast.com\/product\/yoast-seo-wordpress\/ -->\n<title>(Nederlands) DC-2D1511WR | Dual 5MP EcoPLUS-Line Dual-sensor Camera<\/title>\n<meta name=\"description\" content=\"DC-2D1511WR \u2022 Full HD (1080p) resolutie \u2022 Gemotoriseerde Vari-focal lens (f=2.8 - 12mm) \u2022 Micro SD\/SDHC\/SDXC \u2022 Two-way audio \u2022 Alarm in \/ uit \u2022 PoE \/ 12VDC\" \/>\n<meta name=\"robots\" content=\"index, follow, max-snippet:-1, max-image-preview:large, max-video-preview:-1\" \/>\n<link rel=\"canonical\" href=\"https:\/\/www.idisglobal.solutions\/product\/dc-2d1511wr\/\" \/>\n<meta property=\"og:locale\" content=\"en_US\" \/>\n<meta property=\"og:type\" content=\"article\" \/>\n<meta property=\"og:title\" content=\"[:nl]DC-2D1511WR | Dual 5MP EcoPLUS-Line Dual-sensor Camera[:]\" \/>\n<meta property=\"og:description\" content=\"{:nl}DC-2D1511WR \u2022 2x 5MP sensor \u2022 Max. resolutie: 8MP (4224 x 1848) \u2022 Dual Fixed-focal lens (f=2.4mm) \u2022 IP66 \u2022 PoE, 12VDC \u2022 True WDR \u2022 IR LED (Afstand : 30m){:en}DC-2D1511WR \u2022 Full HD (1080p) resolutie \u2022 Gemotoriseerde Vari-focal lens (f=2.8 - 12mm) \u2022 Micro SD\/SDHC\/SDXC \u2022 Two-way audio \u2022 Alarm in \/ uit \u2022 PoE \/ 12VDC{:}\" \/>\n<meta property=\"og:url\" content=\"https:\/\/www.idisglobal.solutions\/product\/dc-2d1511wr\/\" \/>\n<meta property=\"og:site_name\" content=\"IDIS One Solution. One Company.\" \/>\n<meta property=\"article:publisher\" content=\"https:\/\/www.facebook.com\/idisbenelux\/\" \/>\n<meta property=\"article:modified_time\" content=\"2025-12-08T19:38:16+00:00\" \/>\n<meta property=\"og:image\" content=\"https:\/\/www.idisglobal.solutions\/wp-content\/uploads\/2025\/12\/DC-2D1511WR-e1764753328606.png\" \/>\n\t<meta property=\"og:image:width\" content=\"800\" \/>\n\t<meta property=\"og:image:height\" content=\"661\" \/>\n\t<meta property=\"og:image:type\" content=\"image\/png\" \/>\n<meta name=\"twitter:card\" content=\"summary_large_image\" \/>\n<meta name=\"twitter:site\" content=\"@IDISBenelux\" \/>\n<script type=\"application\/ld+json\" class=\"yoast-schema-graph\">{\"@context\":\"https:\\\/\\\/schema.org\",\"@graph\":[{\"@type\":\"WebPage\",\"@id\":\"https:\\\/\\\/www.idisglobal.solutions\\\/product\\\/dc-2d1511wr\\\/\",\"url\":\"https:\\\/\\\/www.idisglobal.solutions\\\/product\\\/dc-2d1511wr\\\/\",\"name\":\"[:nl]DC-2D1511WR | Dual 5MP EcoPLUS-Line Dual-sensor Camera[:]\",\"isPartOf\":{\"@id\":\"https:\\\/\\\/www.idisglobal.solutions\\\/#website\"},\"primaryImageOfPage\":{\"@id\":\"https:\\\/\\\/www.idisglobal.solutions\\\/product\\\/dc-2d1511wr\\\/#primaryimage\"},\"image\":{\"@id\":\"https:\\\/\\\/www.idisglobal.solutions\\\/product\\\/dc-2d1511wr\\\/#primaryimage\"},\"thumbnailUrl\":\"https:\\\/\\\/i0.wp.com\\\/www.idisglobal.solutions\\\/wp-content\\\/uploads\\\/2025\\\/12\\\/DC-2D1511WR-e1764753328606.png?fit=800%2C661&ssl=1\",\"datePublished\":\"2025-12-03T08:10:43+00:00\",\"dateModified\":\"2025-12-08T19:38:16+00:00\",\"description\":\"{:nl}DC-2D1511WR \u2022 2x 5MP sensor \u2022 Max. resolutie: 8MP (4224 x 1848) \u2022 Dual Fixed-focal lens (f=2.4mm) \u2022 IP66 \u2022 PoE, 12VDC \u2022 True WDR \u2022 IR LED (Afstand : 30m){:en}DC-2D1511WR \u2022 Full HD (1080p) resolutie \u2022 Gemotoriseerde Vari-focal lens (f=2.8 - 12mm) \u2022 Micro SD\\\/SDHC\\\/SDXC \u2022 Two-way audio \u2022 Alarm in \\\/ uit \u2022 PoE \\\/ 12VDC{:}\",\"breadcrumb\":{\"@id\":\"https:\\\/\\\/www.idisglobal.solutions\\\/product\\\/dc-2d1511wr\\\/#breadcrumb\"},\"inLanguage\":\"en-US\",\"potentialAction\":[{\"@type\":\"ReadAction\",\"target\":[\"https:\\\/\\\/www.idisglobal.solutions\\\/product\\\/dc-2d1511wr\\\/\"]}]},{\"@type\":\"ImageObject\",\"inLanguage\":\"en-US\",\"@id\":\"https:\\\/\\\/www.idisglobal.solutions\\\/product\\\/dc-2d1511wr\\\/#primaryimage\",\"url\":\"https:\\\/\\\/i0.wp.com\\\/www.idisglobal.solutions\\\/wp-content\\\/uploads\\\/2025\\\/12\\\/DC-2D1511WR-e1764753328606.png?fit=800%2C661&ssl=1\",\"contentUrl\":\"https:\\\/\\\/i0.wp.com\\\/www.idisglobal.solutions\\\/wp-content\\\/uploads\\\/2025\\\/12\\\/DC-2D1511WR-e1764753328606.png?fit=800%2C661&ssl=1\",\"width\":800,\"height\":661},{\"@type\":\"BreadcrumbList\",\"@id\":\"https:\\\/\\\/www.idisglobal.solutions\\\/product\\\/dc-2d1511wr\\\/#breadcrumb\",\"itemListElement\":[{\"@type\":\"ListItem\",\"position\":1,\"name\":\"Home\",\"item\":\"https:\\\/\\\/www.idisglobal.solutions\\\/\"},{\"@type\":\"ListItem\",\"position\":2,\"name\":\"Producten\",\"item\":\"https:\\\/\\\/www.idisglobal.solutions\\\/producten\\\/\"},{\"@type\":\"ListItem\",\"position\":3,\"name\":\"DC-2D1511WR\"}]},{\"@type\":\"WebSite\",\"@id\":\"https:\\\/\\\/www.idisglobal.solutions\\\/#website\",\"url\":\"https:\\\/\\\/www.idisglobal.solutions\\\/\",\"name\":\"IDIS One Solution. One Company.\",\"description\":\"Leverancier van IP en HD-TVI camera observatiesystemen.\",\"publisher\":{\"@id\":\"https:\\\/\\\/www.idisglobal.solutions\\\/#organization\"},\"alternateName\":\"IDIS\",\"potentialAction\":[{\"@type\":\"SearchAction\",\"target\":{\"@type\":\"EntryPoint\",\"urlTemplate\":\"https:\\\/\\\/www.idisglobal.solutions\\\/?s={search_term_string}\"},\"query-input\":{\"@type\":\"PropertyValueSpecification\",\"valueRequired\":true,\"valueName\":\"search_term_string\"}}],\"inLanguage\":\"en-US\"},{\"@type\":\"Organization\",\"@id\":\"https:\\\/\\\/www.idisglobal.solutions\\\/#organization\",\"name\":\"IDIS Synergy BV\",\"alternateName\":\"IDIS\",\"url\":\"https:\\\/\\\/www.idisglobal.solutions\\\/\",\"logo\":{\"@type\":\"ImageObject\",\"inLanguage\":\"en-US\",\"@id\":\"https:\\\/\\\/www.idisglobal.solutions\\\/#\\\/schema\\\/logo\\\/image\\\/\",\"url\":\"https:\\\/\\\/i0.wp.com\\\/www.idisglobal.solutions\\\/wp-content\\\/uploads\\\/2022\\\/04\\\/Favicon180.png?fit=180%2C180&ssl=1\",\"contentUrl\":\"https:\\\/\\\/i0.wp.com\\\/www.idisglobal.solutions\\\/wp-content\\\/uploads\\\/2022\\\/04\\\/Favicon180.png?fit=180%2C180&ssl=1\",\"width\":180,\"height\":180,\"caption\":\"IDIS Synergy BV\"},\"image\":{\"@id\":\"https:\\\/\\\/www.idisglobal.solutions\\\/#\\\/schema\\\/logo\\\/image\\\/\"},\"sameAs\":[\"https:\\\/\\\/www.facebook.com\\\/idisbenelux\\\/\",\"https:\\\/\\\/x.com\\\/IDISBenelux\",\"https:\\\/\\\/www.linkedin.com\\\/company\\\/idis-benelux-bv\",\"https:\\\/\\\/www.youtube.com\\\/channel\\\/UCABTVe9woMH314W4IddXrJQ\",\"https:\\\/\\\/www.instagram.com\\\/idis.bnl\\\/\"]}]}<\/script>\n<!-- \/ Yoast SEO plugin. -->","yoast_head_json":{"title":"(Nederlands) DC-2D1511WR | Dual 5MP EcoPLUS-Line Dual-sensor Camera","description":"DC-2D1511WR \u2022 Full HD (1080p) resolutie \u2022 Gemotoriseerde Vari-focal lens (f=2.8 - 12mm) \u2022 Micro SD\/SDHC\/SDXC \u2022 Two-way audio \u2022 Alarm in \/ uit \u2022 PoE \/ 12VDC","robots":{"index":"index","follow":"follow","max-snippet":"max-snippet:-1","max-image-preview":"max-image-preview:large","max-video-preview":"max-video-preview:-1"},"canonical":"https:\/\/www.idisglobal.solutions\/product\/dc-2d1511wr\/","og_locale":"en_US","og_type":"article","og_title":"[:nl]DC-2D1511WR | Dual 5MP EcoPLUS-Line Dual-sensor Camera[:]","og_description":"{:nl}DC-2D1511WR \u2022 2x 5MP sensor \u2022 Max. resolutie: 8MP (4224 x 1848) \u2022 Dual Fixed-focal lens (f=2.4mm) \u2022 IP66 \u2022 PoE, 12VDC \u2022 True WDR \u2022 IR LED (Afstand : 30m){:en}DC-2D1511WR \u2022 Full HD (1080p) resolutie \u2022 Gemotoriseerde Vari-focal lens (f=2.8 - 12mm) \u2022 Micro SD\/SDHC\/SDXC \u2022 Two-way audio \u2022 Alarm in \/ uit \u2022 PoE \/ 12VDC{:}","og_url":"https:\/\/www.idisglobal.solutions\/product\/dc-2d1511wr\/","og_site_name":"IDIS One Solution. One Company.","article_publisher":"https:\/\/www.facebook.com\/idisbenelux\/","article_modified_time":"2025-12-08T19:38:16+00:00","og_image":[{"width":800,"height":661,"url":"https:\/\/www.idisglobal.solutions\/wp-content\/uploads\/2025\/12\/DC-2D1511WR-e1764753328606.png","type":"image\/png"}],"twitter_card":"summary_large_image","twitter_site":"@IDISBenelux","schema":{"@context":"https:\/\/schema.org","@graph":[{"@type":"WebPage","@id":"https:\/\/www.idisglobal.solutions\/product\/dc-2d1511wr\/","url":"https:\/\/www.idisglobal.solutions\/product\/dc-2d1511wr\/","name":"[:nl]DC-2D1511WR | Dual 5MP EcoPLUS-Line Dual-sensor Camera[:]","isPartOf":{"@id":"https:\/\/www.idisglobal.solutions\/#website"},"primaryImageOfPage":{"@id":"https:\/\/www.idisglobal.solutions\/product\/dc-2d1511wr\/#primaryimage"},"image":{"@id":"https:\/\/www.idisglobal.solutions\/product\/dc-2d1511wr\/#primaryimage"},"thumbnailUrl":"https:\/\/i0.wp.com\/www.idisglobal.solutions\/wp-content\/uploads\/2025\/12\/DC-2D1511WR-e1764753328606.png?fit=800%2C661&ssl=1","datePublished":"2025-12-03T08:10:43+00:00","dateModified":"2025-12-08T19:38:16+00:00","description":"{:nl}DC-2D1511WR \u2022 2x 5MP sensor \u2022 Max. resolutie: 8MP (4224 x 1848) \u2022 Dual Fixed-focal lens (f=2.4mm) \u2022 IP66 \u2022 PoE, 12VDC \u2022 True WDR \u2022 IR LED (Afstand : 30m){:en}DC-2D1511WR \u2022 Full HD (1080p) resolutie \u2022 Gemotoriseerde Vari-focal lens (f=2.8 - 12mm) \u2022 Micro SD\/SDHC\/SDXC \u2022 Two-way audio \u2022 Alarm in \/ uit \u2022 PoE \/ 12VDC{:}","breadcrumb":{"@id":"https:\/\/www.idisglobal.solutions\/product\/dc-2d1511wr\/#breadcrumb"},"inLanguage":"en-US","potentialAction":[{"@type":"ReadAction","target":["https:\/\/www.idisglobal.solutions\/product\/dc-2d1511wr\/"]}]},{"@type":"ImageObject","inLanguage":"en-US","@id":"https:\/\/www.idisglobal.solutions\/product\/dc-2d1511wr\/#primaryimage","url":"https:\/\/i0.wp.com\/www.idisglobal.solutions\/wp-content\/uploads\/2025\/12\/DC-2D1511WR-e1764753328606.png?fit=800%2C661&ssl=1","contentUrl":"https:\/\/i0.wp.com\/www.idisglobal.solutions\/wp-content\/uploads\/2025\/12\/DC-2D1511WR-e1764753328606.png?fit=800%2C661&ssl=1","width":800,"height":661},{"@type":"BreadcrumbList","@id":"https:\/\/www.idisglobal.solutions\/product\/dc-2d1511wr\/#breadcrumb","itemListElement":[{"@type":"ListItem","position":1,"name":"Home","item":"https:\/\/www.idisglobal.solutions\/"},{"@type":"ListItem","position":2,"name":"Producten","item":"https:\/\/www.idisglobal.solutions\/producten\/"},{"@type":"ListItem","position":3,"name":"DC-2D1511WR"}]},{"@type":"WebSite","@id":"https:\/\/www.idisglobal.solutions\/#website","url":"https:\/\/www.idisglobal.solutions\/","name":"IDIS One Solution. One Company.","description":"Leverancier van IP en HD-TVI camera observatiesystemen.","publisher":{"@id":"https:\/\/www.idisglobal.solutions\/#organization"},"alternateName":"IDIS","potentialAction":[{"@type":"SearchAction","target":{"@type":"EntryPoint","urlTemplate":"https:\/\/www.idisglobal.solutions\/?s={search_term_string}"},"query-input":{"@type":"PropertyValueSpecification","valueRequired":true,"valueName":"search_term_string"}}],"inLanguage":"en-US"},{"@type":"Organization","@id":"https:\/\/www.idisglobal.solutions\/#organization","name":"IDIS Synergy BV","alternateName":"IDIS","url":"https:\/\/www.idisglobal.solutions\/","logo":{"@type":"ImageObject","inLanguage":"en-US","@id":"https:\/\/www.idisglobal.solutions\/#\/schema\/logo\/image\/","url":"https:\/\/i0.wp.com\/www.idisglobal.solutions\/wp-content\/uploads\/2022\/04\/Favicon180.png?fit=180%2C180&ssl=1","contentUrl":"https:\/\/i0.wp.com\/www.idisglobal.solutions\/wp-content\/uploads\/2022\/04\/Favicon180.png?fit=180%2C180&ssl=1","width":180,"height":180,"caption":"IDIS Synergy BV"},"image":{"@id":"https:\/\/www.idisglobal.solutions\/#\/schema\/logo\/image\/"},"sameAs":["https:\/\/www.facebook.com\/idisbenelux\/","https:\/\/x.com\/IDISBenelux","https:\/\/www.linkedin.com\/company\/idis-benelux-bv","https:\/\/www.youtube.com\/channel\/UCABTVe9woMH314W4IddXrJQ","https:\/\/www.instagram.com\/idis.bnl\/"]}]}},"jetpack_sharing_enabled":true,"_links":{"self":[{"href":"https:\/\/www.idisglobal.solutions\/en\/wp-json\/wp\/v2\/product\/11735","targetHints":{"allow":["GET"]}}],"collection":[{"href":"https:\/\/www.idisglobal.solutions\/en\/wp-json\/wp\/v2\/product"}],"about":[{"href":"https:\/\/www.idisglobal.solutions\/en\/wp-json\/wp\/v2\/types\/product"}],"wp:featuredmedia":[{"embeddable":true,"href":"https:\/\/www.idisglobal.solutions\/en\/wp-json\/wp\/v2\/media\/11738"}],"wp:attachment":[{"href":"https:\/\/www.idisglobal.solutions\/en\/wp-json\/wp\/v2\/media?parent=11735"}],"wp:term":[{"taxonomy":"product_brand","embeddable":true,"href":"https:\/\/www.idisglobal.solutions\/en\/wp-json\/wp\/v2\/product_brand?post=11735"},{"taxonomy":"product_cat","embeddable":true,"href":"https:\/\/www.idisglobal.solutions\/en\/wp-json\/wp\/v2\/product_cat?post=11735"},{"taxonomy":"product_tag","embeddable":true,"href":"https:\/\/www.idisglobal.solutions\/en\/wp-json\/wp\/v2\/product_tag?post=11735"}],"curies":[{"name":"wp","href":"https:\/\/api.w.org\/{rel}","templated":true}]}}