{"id":11433,"date":"2025-07-03T13:59:42","date_gmt":"2025-07-03T11:59:42","guid":{"rendered":"https:\/\/www.idisglobal.solutions\/?post_type=product&#038;p=11433"},"modified":"2025-11-25T12:30:55","modified_gmt":"2025-11-25T11:30:55","slug":"dc-d1511wer-blk","status":"publish","type":"product","link":"https:\/\/www.idisglobal.solutions\/en\/product\/dc-d1511wer-blk\/","title":{"rendered":"DC-D1511WER-BLK"},"content":{"rendered":"<p><div class=\"fusion-fullwidth fullwidth-box fusion-builder-row-2 hundred-percent-fullwidth non-hundred-percent-height-scrolling\" style=\"--awb-border-radius-top-left:0px;--awb-border-radius-top-right:0px;--awb-border-radius-bottom-right:0px;--awb-border-radius-bottom-left:0px;--awb-overflow:visible;--awb-flex-wrap:wrap;\" ><div class=\"fusion-builder-row fusion-row\"><div class=\"fusion-layout-column fusion_builder_column fusion-builder-column-1 fusion_builder_column_1_1 1_1 fusion-one-full fusion-column-first fusion-column-last fusion-column-no-min-height\" style=\"--awb-bg-size:cover;--awb-margin-bottom:0px;\"><div class=\"fusion-column-wrapper fusion-flex-column-wrapper-legacy\">\n<div style=\"width: 740px; height: 350px; overflow: auto;\">\n<table class=\"table pd_common_table\" style=\"width: 740px;\">\n<tbody>\n<tr>\n<td class=\"brr0\" colspan=\"2\" bgcolor=\"#eeeeee\"><strong>Video<\/strong><\/td>\n<\/tr>\n<tr>\n<td scope=\"row\">Image Sensor<\/td>\n<td class=\"brr0\">1\/2.7&#8243; CMOS<\/td>\n<\/tr>\n<tr>\n<td scope=\"row\">Max. Resolution<\/td>\n<td class=\"brr0\">2880 x 1620<\/td>\n<\/tr>\n<tr>\n<td scope=\"row\">Scanning Mode<\/td>\n<td class=\"brr0\">Progressive Scan<\/td>\n<\/tr>\n<tr>\n<td scope=\"row\">Lens type<\/td>\n<td class=\"brr0\">Fixed-focal<\/td>\n<\/tr>\n<tr>\n<td scope=\"row\">Focal Length<\/td>\n<td class=\"brr0\">f=2.8mm<\/td>\n<\/tr>\n<tr>\n<td scope=\"row\">Aperture<\/td>\n<td class=\"brr0\">F1.6<\/td>\n<\/tr>\n<tr>\n<td scope=\"row\">Iris Control<\/td>\n<td class=\"brr0\">Fixed Iris<\/td>\n<\/tr>\n<tr>\n<td scope=\"row\">Angular Field of View<\/td>\n<td class=\"brr0\">110.9\u00ba (H) 60\u00ba(V)<\/td>\n<\/tr>\n<tr>\n<td scope=\"row\">Pan\/Tilt Range<\/td>\n<td class=\"brr0\">Pan: 0\u02da to 355\u02da, Tilt: 0\u02da to 80\u02da, Rotation: 0\u02da to 360\u02da<\/td>\n<\/tr>\n<tr>\n<td scope=\"row\">Min. Illumination<\/td>\n<td class=\"brr0\">COLOR : 0.01 lux @ F1.6 (AGC on)<br \/>\nB\/W : 0 lux (IR LED on)<\/td>\n<\/tr>\n<tr>\n<td scope=\"row\">Dynamic Range<\/td>\n<td class=\"brr0\">True WDR<\/td>\n<\/tr>\n<tr>\n<td scope=\"row\">Electronic Shutter Speed<\/td>\n<td class=\"brr0\">Auto\/Manual, 1\/5 to 1\/20,000s<\/td>\n<\/tr>\n<tr>\n<td scope=\"row\">Day &amp; Night<\/td>\n<td class=\"brr0\">IR cut filter<\/td>\n<\/tr>\n<tr>\n<td scope=\"row\">IR Distance (LEDs)<\/td>\n<td class=\"brr0\">30m<\/td>\n<\/tr>\n<tr>\n<td scope=\"row\">Warm light Distance (LEDs)<\/td>\n<td class=\"brr0\">20m<\/td>\n<\/tr>\n<tr>\n<td scope=\"row\">Video Out<\/td>\n<td class=\"brr0\">&#8211;<\/td>\n<\/tr>\n<tr>\n<td class=\"brr0\" colspan=\"2\" bgcolor=\"#eeeeee\"><strong>Network<\/strong><\/td>\n<\/tr>\n<tr>\n<td scope=\"row\">Video Compression<\/td>\n<td class=\"brr0\">H.265<\/td>\n<\/tr>\n<tr>\n<td scope=\"row\">Intelligent Codec<\/td>\n<td class=\"brr0\">&#8211;<\/td>\n<\/tr>\n<tr>\n<td scope=\"row\">Bitrate Control<\/td>\n<td class=\"brr0\">CBR \/ VBR<\/td>\n<\/tr>\n<tr>\n<td scope=\"row\">Audio Compression<\/td>\n<td class=\"brr0\">G.711 A-law, G.711 \u03bc-law, RAM PCM<\/td>\n<\/tr>\n<tr>\n<td scope=\"row\">Two-way Audio<\/td>\n<td class=\"brr0\">&#8211;<\/td>\n<\/tr>\n<tr>\n<td scope=\"row\">IP Camera Protocol<\/td>\n<td class=\"brr0\">ONVIF (Profile S\/T\/G\/M)<\/td>\n<\/tr>\n<tr>\n<td scope=\"row\">Max. Frame Rate<\/td>\n<td class=\"brr0\">30ips : 2880 x 1620<\/td>\n<\/tr>\n<tr>\n<td scope=\"row\">Supports Resolution<\/td>\n<td class=\"brr0\">2880\u00d71620, 2560\u00d71440, 2304\u00d71296, 1920\u00d71080, 1280\u00d7720<\/td>\n<\/tr>\n<tr>\n<td scope=\"row\">Multi-Video Streaming<\/td>\n<td class=\"brr0\">Triple streaming<\/td>\n<\/tr>\n<tr>\n<td scope=\"row\">Ethernet<\/td>\n<td class=\"brr0\">RJ45(10\/100BASE-T)<\/td>\n<\/tr>\n<tr>\n<td scope=\"row\">Edge Storage (optional)<\/td>\n<td class=\"brr0\">Micro SD\/SDHC\/SDXC (max. 1TB)<\/td>\n<\/tr>\n<tr>\n<td class=\"brr0\" colspan=\"2\" bgcolor=\"#eeeeee\"><strong>Alarm &amp; Event<\/strong><\/td>\n<\/tr>\n<tr>\n<td scope=\"row\">Audio In \/ Out<\/td>\n<td class=\"brr0\">Internal MIC \/ &#8211;<\/td>\n<\/tr>\n<tr>\n<td scope=\"row\">Alarm In \/ Out<\/td>\n<td class=\"brr0\">&#8211; \/ &#8211;<\/td>\n<\/tr>\n<tr>\n<td class=\"brr0\" colspan=\"2\" bgcolor=\"#eeeeee\"><strong>Environmental<\/strong><\/td>\n<\/tr>\n<tr>\n<td scope=\"row\">Vandal Resistance<\/td>\n<td class=\"brr0\">&#8211;<\/td>\n<\/tr>\n<tr>\n<td scope=\"row\">Outdoor Ready<\/td>\n<td class=\"brr0\">IP66<\/td>\n<\/tr>\n<tr>\n<td scope=\"row\">Operating Temperature<\/td>\n<td class=\"brr0\">-30\u00b0C ~ 60\u00b0C ( -22\u00b0F ~ 140\u00b0F)<\/td>\n<\/tr>\n<tr>\n<td scope=\"row\">Operating Humidity<\/td>\n<td class=\"brr0\">0% ~ 90%<\/td>\n<\/tr>\n<tr>\n<td class=\"brr0\" colspan=\"2\" bgcolor=\"#eeeeee\"><strong>Electrical<\/strong><\/td>\n<\/tr>\n<tr>\n<td scope=\"row\">Power Source<\/td>\n<td class=\"brr0\">PoE(IEEE 802.3af Class 3)<\/td>\n<\/tr>\n<tr>\n<td scope=\"row\">Power Consumption<\/td>\n<td class=\"brr0\">2W (IR OFF), Max. 5W (IR ON)<\/td>\n<\/tr>\n<tr>\n<td scope=\"row\">Approval<\/td>\n<td class=\"brr0\">FCC, CE-EMC<\/td>\n<\/tr>\n<tr>\n<td class=\"brr0\" colspan=\"2\" bgcolor=\"#eeeeee\"><strong>Mechanical<\/strong><\/td>\n<\/tr>\n<tr>\n<td scope=\"row\">Dimensions (\u00d8 x H)<\/td>\n<td class=\"brr0\">\u00d8118.2mm x 93.9mm<\/td>\n<\/tr>\n<tr>\n<td scope=\"row\">Weight<\/td>\n<td class=\"brr0\">0.54 kg<\/td>\n<\/tr>\n<\/tbody>\n<\/table>\n<\/div>\n<div class=\"fusion-clearfix\"><\/div><\/div><\/div><\/div><\/div><\/p>","protected":false},"excerpt":{"rendered":"<p><img decoding=\"async\" class=\"alignnone wp-image-10078\" src=\"https:\/\/www.idisglobal.solutions\/wp-content\/uploads\/2024\/04\/5MP.png\" alt=\"5MP\" width=\"55\" height=\"55\" srcset=\"https:\/\/i0.wp.com\/www.idisglobal.solutions\/wp-content\/uploads\/2024\/04\/5MP.png?resize=66%2C66&amp;ssl=1 66w, https:\/\/i0.wp.com\/www.idisglobal.solutions\/wp-content\/uploads\/2024\/04\/5MP.png?resize=100%2C100&amp;ssl=1 100w, https:\/\/i0.wp.com\/www.idisglobal.solutions\/wp-content\/uploads\/2024\/04\/5MP.png?w=110&amp;ssl=1 110w\" sizes=\"(max-width: 55px) 100vw, 55px\" \/> <img decoding=\"async\" class=\"alignnone wp-image-10086\" src=\"https:\/\/www.idisglobal.solutions\/wp-content\/uploads\/2024\/04\/Fixed-Lens.png\" alt=\"Fixed Lens\" width=\"55\" height=\"55\" srcset=\"https:\/\/i0.wp.com\/www.idisglobal.solutions\/wp-content\/uploads\/2024\/04\/Fixed-Lens.png?resize=66%2C66&amp;ssl=1 66w, https:\/\/i0.wp.com\/www.idisglobal.solutions\/wp-content\/uploads\/2024\/04\/Fixed-Lens.png?resize=100%2C100&amp;ssl=1 100w, https:\/\/i0.wp.com\/www.idisglobal.solutions\/wp-content\/uploads\/2024\/04\/Fixed-Lens.png?w=110&amp;ssl=1 110w\" sizes=\"(max-width: 55px) 100vw, 55px\" \/> <img decoding=\"async\" class=\"alignnone wp-image-10090\" src=\"https:\/\/www.idisglobal.solutions\/wp-content\/uploads\/2024\/04\/IR-Led.png\" alt=\"IR Led\" width=\"55\" height=\"55\" srcset=\"https:\/\/i0.wp.com\/www.idisglobal.solutions\/wp-content\/uploads\/2024\/04\/IR-Led.png?resize=66%2C66&amp;ssl=1 66w, https:\/\/i0.wp.com\/www.idisglobal.solutions\/wp-content\/uploads\/2024\/04\/IR-Led.png?resize=100%2C100&amp;ssl=1 100w, https:\/\/i0.wp.com\/www.idisglobal.solutions\/wp-content\/uploads\/2024\/04\/IR-Led.png?w=110&amp;ssl=1 110w\" sizes=\"(max-width: 55px) 100vw, 55px\" \/> <img decoding=\"async\" class=\"alignnone wp-image-10088\" src=\"https:\/\/www.idisglobal.solutions\/wp-content\/uploads\/2024\/04\/IP66.png\" alt=\"IP66\" width=\"55\" height=\"55\" srcset=\"https:\/\/i0.wp.com\/www.idisglobal.solutions\/wp-content\/uploads\/2024\/04\/IP66.png?resize=66%2C66&amp;ssl=1 66w, https:\/\/i0.wp.com\/www.idisglobal.solutions\/wp-content\/uploads\/2024\/04\/IP66.png?resize=100%2C100&amp;ssl=1 100w, https:\/\/i0.wp.com\/www.idisglobal.solutions\/wp-content\/uploads\/2024\/04\/IP66.png?w=110&amp;ssl=1 110w\" sizes=\"(max-width: 55px) 100vw, 55px\" \/> <img decoding=\"async\" class=\"alignnone wp-image-10095\" src=\"https:\/\/www.idisglobal.solutions\/wp-content\/uploads\/2024\/04\/Onvif.png\" alt=\"Onvif\" width=\"55\" height=\"55\" srcset=\"https:\/\/i0.wp.com\/www.idisglobal.solutions\/wp-content\/uploads\/2024\/04\/Onvif.png?resize=66%2C66&amp;ssl=1 66w, https:\/\/i0.wp.com\/www.idisglobal.solutions\/wp-content\/uploads\/2024\/04\/Onvif.png?resize=100%2C100&amp;ssl=1 100w, https:\/\/i0.wp.com\/www.idisglobal.solutions\/wp-content\/uploads\/2024\/04\/Onvif.png?w=110&amp;ssl=1 110w\" sizes=\"(max-width: 55px) 100vw, 55px\" \/>\u00a0<img decoding=\"async\" class=\"alignnone wp-image-10094\" src=\"https:\/\/www.idisglobal.solutions\/wp-content\/uploads\/2024\/04\/NDAA.jpg\" alt=\"NDAA\" width=\"55\" height=\"55\" srcset=\"https:\/\/i0.wp.com\/www.idisglobal.solutions\/wp-content\/uploads\/2024\/04\/NDAA.jpg?resize=66%2C66&amp;ssl=1 66w, https:\/\/i0.wp.com\/www.idisglobal.solutions\/wp-content\/uploads\/2024\/04\/NDAA.jpg?resize=100%2C100&amp;ssl=1 100w, https:\/\/i0.wp.com\/www.idisglobal.solutions\/wp-content\/uploads\/2024\/04\/NDAA.jpg?w=110&amp;ssl=1 110w\" sizes=\"(max-width: 55px) 100vw, 55px\" \/><\/p>\n<p><strong>5MP Eco-Line IR Turret Camera<br \/>\n<\/strong><\/p>\n<div>\n<p>\u2022 5MP (2880 x 1620) resolution<br \/>\n\u2022 Fixed-focal lens (f=2.8mm)<br \/>\n\u2022 Micro SD\/SDHC\/SDXC<br \/>\n\u2022 IP66<br \/>\n\u2022 PoE (IEEE 802.3af class 3)<br \/>\n\u2022 Day&amp;Night (ICR)<br \/>\n\u2022 True Wide Dynamic Range (WDR)<br \/>\n\u2022 IR LED (Distance: 30m)<br \/>\n\u2022 3-axis mechanical design for installation<br \/>\n\u2022 Supports ONVIF, no DirectIP<br \/>\n\u2022 <a href=\"https:\/\/www.idisglobal.solutions\/idis-en-ndaa-compliant\/\" target=\"_blank\" rel=\"noopener\">NDAA Compliant<\/a><\/p>\n<\/div>\n","protected":false},"featured_media":11722,"template":"","meta":[],"product_brand":[],"product_cat":[211],"product_tag":[],"class_list":{"0":"post-11433","1":"product","2":"type-product","3":"status-publish","4":"has-post-thumbnail","6":"product_cat-dome","7":"pa_aperture-f1-6","8":"pa_blc-wdr-blc","9":"pa_blc-wdr-hlc","10":"pa_blc-wdr-true-wdr","11":"pa_dag-nacht-ir-cut-filter-met-automatische-schakelaar","12":"pa_focal-lengte-2-8mm","13":"pa_ir-afstand-30m","14":"pa_lens-type-fixed-focal","15":"pa_maximale-resolutie-2880-x-1620-5mp","16":"pa_montage-plafond","17":"pa_montage-wand","18":"pa_outdoor-ip66","20":"first","21":"instock","22":"shipping-taxable","23":"product-type-simple"},"yoast_head":"<!-- This site is optimized with the Yoast SEO plugin v27.3 - https:\/\/yoast.com\/product\/yoast-seo-wordpress\/ -->\n<title>(Nederlands) DC-D1511WER-BLK | 5MP IR Turret Camera<\/title>\n<meta name=\"description\" content=\"DC-D1511WER-BLK \u2022 Full HD (1080p) resolutie \u2022 Gemotoriseerde Vari-focal lens (f=2.8 - 12mm) \u2022 Micro SD\/SDHC\/SDXC \u2022 Two-way audio \u2022 Alarm in \/ uit \u2022 PoE \/ 12VDC\" \/>\n<meta name=\"robots\" content=\"index, follow, max-snippet:-1, max-image-preview:large, max-video-preview:-1\" \/>\n<link rel=\"canonical\" href=\"https:\/\/www.idisglobal.solutions\/product\/dc-d1511wer-blk\/\" \/>\n<meta property=\"og:locale\" content=\"en_US\" \/>\n<meta property=\"og:type\" content=\"article\" \/>\n<meta property=\"og:title\" content=\"[:nl]DC-D1511WER-BLK | 5MP IR Turret Camera[:]\" \/>\n<meta property=\"og:description\" content=\"{:nl}DC-D1511WER-BLK \u2022 5MP (2880 x 1620) \u2022 Fixed-focal lens (f=2.8mm) \u2022 Micro SD\/SDHC\/SDXC \u2022 IP66 \u2022 PoE, 12VDC \u2022 True WDR \u2022 IR LED (Afstand : 30m){:en}DC-D1511WER-BLK \u2022 Full HD (1080p) resolutie \u2022 Gemotoriseerde Vari-focal lens (f=2.8 - 12mm) \u2022 Micro SD\/SDHC\/SDXC \u2022 Two-way audio \u2022 Alarm in \/ uit \u2022 PoE \/ 12VDC{:}\" \/>\n<meta property=\"og:url\" content=\"https:\/\/www.idisglobal.solutions\/product\/dc-d1511wer-blk\/\" \/>\n<meta property=\"og:site_name\" content=\"IDIS One Solution. One Company.\" \/>\n<meta property=\"article:publisher\" content=\"https:\/\/www.facebook.com\/idisbenelux\/\" \/>\n<meta property=\"article:modified_time\" content=\"2025-11-25T11:30:55+00:00\" \/>\n<meta property=\"og:image\" content=\"https:\/\/www.idisglobal.solutions\/wp-content\/uploads\/2025\/07\/DC-D1x11WER-BLK-e1764070186740.png\" \/>\n\t<meta property=\"og:image:width\" content=\"384\" \/>\n\t<meta property=\"og:image:height\" content=\"317\" \/>\n\t<meta property=\"og:image:type\" content=\"image\/png\" \/>\n<meta name=\"twitter:card\" content=\"summary_large_image\" \/>\n<meta name=\"twitter:site\" content=\"@IDISBenelux\" \/>\n<script type=\"application\/ld+json\" class=\"yoast-schema-graph\">{\"@context\":\"https:\\\/\\\/schema.org\",\"@graph\":[{\"@type\":\"WebPage\",\"@id\":\"https:\\\/\\\/www.idisglobal.solutions\\\/product\\\/dc-d1511wer-blk\\\/\",\"url\":\"https:\\\/\\\/www.idisglobal.solutions\\\/product\\\/dc-d1511wer-blk\\\/\",\"name\":\"[:nl]DC-D1511WER-BLK | 5MP IR Turret Camera[:]\",\"isPartOf\":{\"@id\":\"https:\\\/\\\/www.idisglobal.solutions\\\/#website\"},\"primaryImageOfPage\":{\"@id\":\"https:\\\/\\\/www.idisglobal.solutions\\\/product\\\/dc-d1511wer-blk\\\/#primaryimage\"},\"image\":{\"@id\":\"https:\\\/\\\/www.idisglobal.solutions\\\/product\\\/dc-d1511wer-blk\\\/#primaryimage\"},\"thumbnailUrl\":\"https:\\\/\\\/i0.wp.com\\\/www.idisglobal.solutions\\\/wp-content\\\/uploads\\\/2025\\\/07\\\/DC-D1x11WER-BLK-e1764070186740.png?fit=384%2C317&ssl=1\",\"datePublished\":\"2025-07-03T11:59:42+00:00\",\"dateModified\":\"2025-11-25T11:30:55+00:00\",\"description\":\"{:nl}DC-D1511WER-BLK \u2022 5MP (2880 x 1620) \u2022 Fixed-focal lens (f=2.8mm) \u2022 Micro SD\\\/SDHC\\\/SDXC \u2022 IP66 \u2022 PoE, 12VDC \u2022 True WDR \u2022 IR LED (Afstand : 30m){:en}DC-D1511WER-BLK \u2022 Full HD (1080p) resolutie \u2022 Gemotoriseerde Vari-focal lens (f=2.8 - 12mm) \u2022 Micro SD\\\/SDHC\\\/SDXC \u2022 Two-way audio \u2022 Alarm in \\\/ uit \u2022 PoE \\\/ 12VDC{:}\",\"breadcrumb\":{\"@id\":\"https:\\\/\\\/www.idisglobal.solutions\\\/product\\\/dc-d1511wer-blk\\\/#breadcrumb\"},\"inLanguage\":\"en-US\",\"potentialAction\":[{\"@type\":\"ReadAction\",\"target\":[\"https:\\\/\\\/www.idisglobal.solutions\\\/product\\\/dc-d1511wer-blk\\\/\"]}]},{\"@type\":\"ImageObject\",\"inLanguage\":\"en-US\",\"@id\":\"https:\\\/\\\/www.idisglobal.solutions\\\/product\\\/dc-d1511wer-blk\\\/#primaryimage\",\"url\":\"https:\\\/\\\/i0.wp.com\\\/www.idisglobal.solutions\\\/wp-content\\\/uploads\\\/2025\\\/07\\\/DC-D1x11WER-BLK-e1764070186740.png?fit=384%2C317&ssl=1\",\"contentUrl\":\"https:\\\/\\\/i0.wp.com\\\/www.idisglobal.solutions\\\/wp-content\\\/uploads\\\/2025\\\/07\\\/DC-D1x11WER-BLK-e1764070186740.png?fit=384%2C317&ssl=1\",\"width\":384,\"height\":317,\"caption\":\"DC-D1x11WER-BLK\"},{\"@type\":\"BreadcrumbList\",\"@id\":\"https:\\\/\\\/www.idisglobal.solutions\\\/product\\\/dc-d1511wer-blk\\\/#breadcrumb\",\"itemListElement\":[{\"@type\":\"ListItem\",\"position\":1,\"name\":\"Home\",\"item\":\"https:\\\/\\\/www.idisglobal.solutions\\\/\"},{\"@type\":\"ListItem\",\"position\":2,\"name\":\"Producten\",\"item\":\"https:\\\/\\\/www.idisglobal.solutions\\\/producten\\\/\"},{\"@type\":\"ListItem\",\"position\":3,\"name\":\"DC-D1511WER-BLK\"}]},{\"@type\":\"WebSite\",\"@id\":\"https:\\\/\\\/www.idisglobal.solutions\\\/#website\",\"url\":\"https:\\\/\\\/www.idisglobal.solutions\\\/\",\"name\":\"IDIS One Solution. One Company.\",\"description\":\"Leverancier van IP en HD-TVI camera observatiesystemen.\",\"publisher\":{\"@id\":\"https:\\\/\\\/www.idisglobal.solutions\\\/#organization\"},\"alternateName\":\"IDIS\",\"potentialAction\":[{\"@type\":\"SearchAction\",\"target\":{\"@type\":\"EntryPoint\",\"urlTemplate\":\"https:\\\/\\\/www.idisglobal.solutions\\\/?s={search_term_string}\"},\"query-input\":{\"@type\":\"PropertyValueSpecification\",\"valueRequired\":true,\"valueName\":\"search_term_string\"}}],\"inLanguage\":\"en-US\"},{\"@type\":\"Organization\",\"@id\":\"https:\\\/\\\/www.idisglobal.solutions\\\/#organization\",\"name\":\"IDIS Synergy BV\",\"alternateName\":\"IDIS\",\"url\":\"https:\\\/\\\/www.idisglobal.solutions\\\/\",\"logo\":{\"@type\":\"ImageObject\",\"inLanguage\":\"en-US\",\"@id\":\"https:\\\/\\\/www.idisglobal.solutions\\\/#\\\/schema\\\/logo\\\/image\\\/\",\"url\":\"https:\\\/\\\/i0.wp.com\\\/www.idisglobal.solutions\\\/wp-content\\\/uploads\\\/2022\\\/04\\\/Favicon180.png?fit=180%2C180&ssl=1\",\"contentUrl\":\"https:\\\/\\\/i0.wp.com\\\/www.idisglobal.solutions\\\/wp-content\\\/uploads\\\/2022\\\/04\\\/Favicon180.png?fit=180%2C180&ssl=1\",\"width\":180,\"height\":180,\"caption\":\"IDIS Synergy BV\"},\"image\":{\"@id\":\"https:\\\/\\\/www.idisglobal.solutions\\\/#\\\/schema\\\/logo\\\/image\\\/\"},\"sameAs\":[\"https:\\\/\\\/www.facebook.com\\\/idisbenelux\\\/\",\"https:\\\/\\\/x.com\\\/IDISBenelux\",\"https:\\\/\\\/www.linkedin.com\\\/company\\\/idis-benelux-bv\",\"https:\\\/\\\/www.youtube.com\\\/channel\\\/UCABTVe9woMH314W4IddXrJQ\",\"https:\\\/\\\/www.instagram.com\\\/idis.bnl\\\/\"]}]}<\/script>\n<!-- \/ Yoast SEO plugin. -->","yoast_head_json":{"title":"(Nederlands) DC-D1511WER-BLK | 5MP IR Turret Camera","description":"DC-D1511WER-BLK \u2022 Full HD (1080p) resolutie \u2022 Gemotoriseerde Vari-focal lens (f=2.8 - 12mm) \u2022 Micro SD\/SDHC\/SDXC \u2022 Two-way audio \u2022 Alarm in \/ uit \u2022 PoE \/ 12VDC","robots":{"index":"index","follow":"follow","max-snippet":"max-snippet:-1","max-image-preview":"max-image-preview:large","max-video-preview":"max-video-preview:-1"},"canonical":"https:\/\/www.idisglobal.solutions\/product\/dc-d1511wer-blk\/","og_locale":"en_US","og_type":"article","og_title":"[:nl]DC-D1511WER-BLK | 5MP IR Turret Camera[:]","og_description":"{:nl}DC-D1511WER-BLK \u2022 5MP (2880 x 1620) \u2022 Fixed-focal lens (f=2.8mm) \u2022 Micro SD\/SDHC\/SDXC \u2022 IP66 \u2022 PoE, 12VDC \u2022 True WDR \u2022 IR LED (Afstand : 30m){:en}DC-D1511WER-BLK \u2022 Full HD (1080p) resolutie \u2022 Gemotoriseerde Vari-focal lens (f=2.8 - 12mm) \u2022 Micro SD\/SDHC\/SDXC \u2022 Two-way audio \u2022 Alarm in \/ uit \u2022 PoE \/ 12VDC{:}","og_url":"https:\/\/www.idisglobal.solutions\/product\/dc-d1511wer-blk\/","og_site_name":"IDIS One Solution. One Company.","article_publisher":"https:\/\/www.facebook.com\/idisbenelux\/","article_modified_time":"2025-11-25T11:30:55+00:00","og_image":[{"width":384,"height":317,"url":"https:\/\/www.idisglobal.solutions\/wp-content\/uploads\/2025\/07\/DC-D1x11WER-BLK-e1764070186740.png","type":"image\/png"}],"twitter_card":"summary_large_image","twitter_site":"@IDISBenelux","schema":{"@context":"https:\/\/schema.org","@graph":[{"@type":"WebPage","@id":"https:\/\/www.idisglobal.solutions\/product\/dc-d1511wer-blk\/","url":"https:\/\/www.idisglobal.solutions\/product\/dc-d1511wer-blk\/","name":"[:nl]DC-D1511WER-BLK | 5MP IR Turret Camera[:]","isPartOf":{"@id":"https:\/\/www.idisglobal.solutions\/#website"},"primaryImageOfPage":{"@id":"https:\/\/www.idisglobal.solutions\/product\/dc-d1511wer-blk\/#primaryimage"},"image":{"@id":"https:\/\/www.idisglobal.solutions\/product\/dc-d1511wer-blk\/#primaryimage"},"thumbnailUrl":"https:\/\/i0.wp.com\/www.idisglobal.solutions\/wp-content\/uploads\/2025\/07\/DC-D1x11WER-BLK-e1764070186740.png?fit=384%2C317&ssl=1","datePublished":"2025-07-03T11:59:42+00:00","dateModified":"2025-11-25T11:30:55+00:00","description":"{:nl}DC-D1511WER-BLK \u2022 5MP (2880 x 1620) \u2022 Fixed-focal lens (f=2.8mm) \u2022 Micro SD\/SDHC\/SDXC \u2022 IP66 \u2022 PoE, 12VDC \u2022 True WDR \u2022 IR LED (Afstand : 30m){:en}DC-D1511WER-BLK \u2022 Full HD (1080p) resolutie \u2022 Gemotoriseerde Vari-focal lens (f=2.8 - 12mm) \u2022 Micro SD\/SDHC\/SDXC \u2022 Two-way audio \u2022 Alarm in \/ uit \u2022 PoE \/ 12VDC{:}","breadcrumb":{"@id":"https:\/\/www.idisglobal.solutions\/product\/dc-d1511wer-blk\/#breadcrumb"},"inLanguage":"en-US","potentialAction":[{"@type":"ReadAction","target":["https:\/\/www.idisglobal.solutions\/product\/dc-d1511wer-blk\/"]}]},{"@type":"ImageObject","inLanguage":"en-US","@id":"https:\/\/www.idisglobal.solutions\/product\/dc-d1511wer-blk\/#primaryimage","url":"https:\/\/i0.wp.com\/www.idisglobal.solutions\/wp-content\/uploads\/2025\/07\/DC-D1x11WER-BLK-e1764070186740.png?fit=384%2C317&ssl=1","contentUrl":"https:\/\/i0.wp.com\/www.idisglobal.solutions\/wp-content\/uploads\/2025\/07\/DC-D1x11WER-BLK-e1764070186740.png?fit=384%2C317&ssl=1","width":384,"height":317,"caption":"DC-D1x11WER-BLK"},{"@type":"BreadcrumbList","@id":"https:\/\/www.idisglobal.solutions\/product\/dc-d1511wer-blk\/#breadcrumb","itemListElement":[{"@type":"ListItem","position":1,"name":"Home","item":"https:\/\/www.idisglobal.solutions\/"},{"@type":"ListItem","position":2,"name":"Producten","item":"https:\/\/www.idisglobal.solutions\/producten\/"},{"@type":"ListItem","position":3,"name":"DC-D1511WER-BLK"}]},{"@type":"WebSite","@id":"https:\/\/www.idisglobal.solutions\/#website","url":"https:\/\/www.idisglobal.solutions\/","name":"IDIS One Solution. One Company.","description":"Leverancier van IP en HD-TVI camera observatiesystemen.","publisher":{"@id":"https:\/\/www.idisglobal.solutions\/#organization"},"alternateName":"IDIS","potentialAction":[{"@type":"SearchAction","target":{"@type":"EntryPoint","urlTemplate":"https:\/\/www.idisglobal.solutions\/?s={search_term_string}"},"query-input":{"@type":"PropertyValueSpecification","valueRequired":true,"valueName":"search_term_string"}}],"inLanguage":"en-US"},{"@type":"Organization","@id":"https:\/\/www.idisglobal.solutions\/#organization","name":"IDIS Synergy BV","alternateName":"IDIS","url":"https:\/\/www.idisglobal.solutions\/","logo":{"@type":"ImageObject","inLanguage":"en-US","@id":"https:\/\/www.idisglobal.solutions\/#\/schema\/logo\/image\/","url":"https:\/\/i0.wp.com\/www.idisglobal.solutions\/wp-content\/uploads\/2022\/04\/Favicon180.png?fit=180%2C180&ssl=1","contentUrl":"https:\/\/i0.wp.com\/www.idisglobal.solutions\/wp-content\/uploads\/2022\/04\/Favicon180.png?fit=180%2C180&ssl=1","width":180,"height":180,"caption":"IDIS Synergy BV"},"image":{"@id":"https:\/\/www.idisglobal.solutions\/#\/schema\/logo\/image\/"},"sameAs":["https:\/\/www.facebook.com\/idisbenelux\/","https:\/\/x.com\/IDISBenelux","https:\/\/www.linkedin.com\/company\/idis-benelux-bv","https:\/\/www.youtube.com\/channel\/UCABTVe9woMH314W4IddXrJQ","https:\/\/www.instagram.com\/idis.bnl\/"]}]}},"jetpack_sharing_enabled":true,"_links":{"self":[{"href":"https:\/\/www.idisglobal.solutions\/en\/wp-json\/wp\/v2\/product\/11433","targetHints":{"allow":["GET"]}}],"collection":[{"href":"https:\/\/www.idisglobal.solutions\/en\/wp-json\/wp\/v2\/product"}],"about":[{"href":"https:\/\/www.idisglobal.solutions\/en\/wp-json\/wp\/v2\/types\/product"}],"wp:featuredmedia":[{"embeddable":true,"href":"https:\/\/www.idisglobal.solutions\/en\/wp-json\/wp\/v2\/media\/11722"}],"wp:attachment":[{"href":"https:\/\/www.idisglobal.solutions\/en\/wp-json\/wp\/v2\/media?parent=11433"}],"wp:term":[{"taxonomy":"product_brand","embeddable":true,"href":"https:\/\/www.idisglobal.solutions\/en\/wp-json\/wp\/v2\/product_brand?post=11433"},{"taxonomy":"product_cat","embeddable":true,"href":"https:\/\/www.idisglobal.solutions\/en\/wp-json\/wp\/v2\/product_cat?post=11433"},{"taxonomy":"product_tag","embeddable":true,"href":"https:\/\/www.idisglobal.solutions\/en\/wp-json\/wp\/v2\/product_tag?post=11433"}],"curies":[{"name":"wp","href":"https:\/\/api.w.org\/{rel}","templated":true}]}}